{"id":1390,"date":"2026-01-08T20:56:19","date_gmt":"2026-01-08T20:56:19","guid":{"rendered":"https:\/\/www.promare.com.tr\/?page_id=1390"},"modified":"2026-02-12T10:16:57","modified_gmt":"2026-02-12T10:16:57","slug":"hizmetler","status":"publish","type":"page","link":"https:\/\/www.promare.com.tr\/en\/hizmetler\/","title":{"rendered":"Services"},"content":{"rendered":"<p style=\"font-size:17px\">PROMARE conducts a situation-specific preliminary analysis, recognizing that each radiation source has different characteristics and emission levels.&nbsp;<\/p>\n\n\n\n<p style=\"font-size:17px\">By sharing this information with the customer and providing the necessary technical details, it offers solutions with both lead-containing and lead-free options.&nbsp;<\/p>\n\n\n\n<p style=\"font-size:17px\">Our fundamental philosophy is to act as a strategic solution partner by documenting that each product used meets national and international standards.&nbsp;<\/p>\n\n\n\n<p style=\"font-size:17px\">The products to be used are tested with internationally certified equipment to ensure they provide the necessary radiation protection both before and after the process, and the project is completed with zero margin of error.<\/p>\n\n\n\n<p style=\"font-size:17px\">PROMARE has adopted the principle of providing a complete package program service that includes not just a single product, but all the necessary aspects against the existing radiation source.<\/p>\n\n\n\n<p style=\"font-size:17px\">We test the products to be used to ensure they provide the necessary radiation protection both before and after the process, using internationally certified equipment, complete the project with zero margin of error, and provide a measurement report upon request.<\/p>","protected":false},"excerpt":{"rendered":"<p>PROMARE, her bir radyasyon kayna\u011f\u0131n\u0131n farkl\u0131 \u00f6zelliklere ve yay\u0131l\u0131ma sahip oldu\u011fu bilinci ile duruma \u00f6zel bir \u00f6n analiz ger\u00e7ekle\u015ftirir.&nbsp; Bunu m\u00fc\u015fterisi ile payla\u015f\u0131p gerekli teknik bilgilendirmeyi sa\u011flayarak gerek kur\u015fun i\u00e7erikli&#8230;<\/p>","protected":false},"author":1,"featured_media":0,"parent":0,"menu_order":0,"comment_status":"closed","ping_status":"closed","template":"","meta":{"_EventAllDay":false,"_EventTimezone":"","_EventStartDate":"","_EventEndDate":"","_EventStartDateUTC":"","_EventEndDateUTC":"","_EventShowMap":false,"_EventShowMapLink":false,"_EventURL":"","_EventCost":"","_EventCostDescription":"","_EventCurrencySymbol":"","_EventCurrencyCode":"","_EventCurrencyPosition":"","_EventDateTimeSeparator":"","_EventTimeRangeSeparator":"","_EventOrganizerID":[],"_EventVenueID":[],"_OrganizerEmail":"","_OrganizerPhone":"","_OrganizerWebsite":"","_VenueAddress":"","_VenueCity":"","_VenueCountry":"","_VenueProvince":"","_VenueState":"","_VenueZip":"","_VenuePhone":"","_VenueURL":"","_VenueStateProvince":"","_VenueLat":"","_VenueLng":"","_VenueShowMap":false,"_VenueShowMapLink":false,"_kadence_starter_templates_imported_post":false,"_kad_post_transparent":"","_kad_post_title":"","_kad_post_layout":"","_kad_post_sidebar_id":"","_kad_post_content_style":"","_kad_post_vertical_padding":"","_kad_post_feature":"","_kad_post_feature_position":"","_kad_post_header":false,"_kad_post_footer":false,"_kad_post_classname":"","footnotes":""},"class_list":["post-1390","page","type-page","status-publish","hentry"],"_links":{"self":[{"href":"https:\/\/www.promare.com.tr\/en\/wp-json\/wp\/v2\/pages\/1390","targetHints":{"allow":["GET"]}}],"collection":[{"href":"https:\/\/www.promare.com.tr\/en\/wp-json\/wp\/v2\/pages"}],"about":[{"href":"https:\/\/www.promare.com.tr\/en\/wp-json\/wp\/v2\/types\/page"}],"author":[{"embeddable":true,"href":"https:\/\/www.promare.com.tr\/en\/wp-json\/wp\/v2\/users\/1"}],"replies":[{"embeddable":true,"href":"https:\/\/www.promare.com.tr\/en\/wp-json\/wp\/v2\/comments?post=1390"}],"version-history":[{"count":4,"href":"https:\/\/www.promare.com.tr\/en\/wp-json\/wp\/v2\/pages\/1390\/revisions"}],"predecessor-version":[{"id":1592,"href":"https:\/\/www.promare.com.tr\/en\/wp-json\/wp\/v2\/pages\/1390\/revisions\/1592"}],"wp:attachment":[{"href":"https:\/\/www.promare.com.tr\/en\/wp-json\/wp\/v2\/media?parent=1390"}],"curies":[{"name":"wp","href":"https:\/\/api.w.org\/{rel}","templated":true}]}}