{"id":1393,"date":"2026-01-08T20:58:36","date_gmt":"2026-01-08T20:58:36","guid":{"rendered":"https:\/\/www.promare.com.tr\/?page_id=1393"},"modified":"2026-02-12T10:18:14","modified_gmt":"2026-02-12T10:18:14","slug":"kalite-politikamiz","status":"publish","type":"page","link":"https:\/\/www.promare.com.tr\/en\/kalite-politikamiz\/","title":{"rendered":"Our Quality Policy"},"content":{"rendered":"<div class=\"wp-block-columns is-layout-flex wp-container-core-columns-is-layout-9d6595d7 wp-block-columns-is-layout-flex\">\n<div class=\"wp-block-column is-layout-flow wp-block-column-is-layout-flow\">\n<p style=\"font-size:17px\">In accordance with its plans and objectives, PROMARE Construction Materials Industry and Trade Inc. aims to follow an impartial, fast, effective, continuous, accurate, stable, reliable and independent policy in compliance with existing TENMAK and international regulations.<\/p>\n\n\n\n<p style=\"font-size:17px\">Management of PROMARE Construction Materials Industry and Trade Inc;<\/p>\n\n\n\n<ul class=\"wp-block-list\">\n<li style=\"font-size:17px\">\u2022\tTo accurately analyze current and future customer expectations and provide the best possible solution,<\/li>\n\n\n\n<li style=\"font-size:17px\">\u2022\tTo work in accordance with laws and regulations,<\/li>\n\n\n\n<li style=\"font-size:17px\">\u2022\tEnsuring that all personnel adopt, implement, and understand their responsibilities regarding quality policies on radiation protection, and that the quality and testability of the work performed are guaranteed,<\/li>\n\n\n\n<li style=\"font-size:17px\">\u2022\tTo ensure that employees at all levels do not engage in any practice that would compromise or weaken the institution's competence and integrity,<\/li>\n\n\n\n<li style=\"font-size:17px\">\u2022\tTo develop and implement a quality management system and to fulfill its responsibilities regarding the continuous improvement and effectiveness of the management system,<\/li>\n\n\n\n<li style=\"font-size:17px\">\u2022\tWe have defined our fundamental philosophy as always being open to innovation without compromising on quality, and striving for continuous improvement and excellence in every aspect,<\/li>\n\n\n\n<li style=\"font-size:17px\">\u2022\tIt is committed to being an organization that embraces reliability, honesty, impartiality, confidentiality, continuous improvement, and scientific principles in the quality of the tasks it undertakes and the services it provides.<\/li>\n<\/ul>\n\n\n\n<div class=\"wp-block-group is-content-justification-right is-nowrap is-layout-flex wp-container-core-group-is-layout-0260c8cf wp-block-group-is-layout-flex\" style=\"padding-top:0;padding-right:var(--wp--preset--spacing--60);padding-bottom:0;padding-left:var(--wp--preset--spacing--60)\">\n<p class=\"has-text-align-right\" style=\"font-size:17px\">\u2002\u2002\u2002\u2002\u2002\u2002\u2002\u2002\u2002\u2002\u2002\u2002\u2002\u2002\u2002\u2002\u2002<strong>Chairman of the Board<\/strong><br><strong>\u00dcmit Orhon<\/strong><\/p>\n<\/div>\n<\/div>\n<\/div>\n\n\n\n<p><\/p>","protected":false},"excerpt":{"rendered":"<p>PROMARE Yap\u0131 Malzemeleri Sanayi ve Ticaret A\u015e plan ve hedefleri gere\u011fince, mevcut TENMAK ve Uluslararas\u0131 mevzuatlara uygun olarak tarafs\u0131z, h\u0131zl\u0131, etkin, devaml\u0131, do\u011fru, istikrarl\u0131, g\u00fcvenilir ve ba\u011f\u0131ms\u0131z bir politika izlemeyi&#8230;<\/p>","protected":false},"author":1,"featured_media":0,"parent":0,"menu_order":0,"comment_status":"closed","ping_status":"closed","template":"","meta":{"_EventAllDay":false,"_EventTimezone":"","_EventStartDate":"","_EventEndDate":"","_EventStartDateUTC":"","_EventEndDateUTC":"","_EventShowMap":false,"_EventShowMapLink":false,"_EventURL":"","_EventCost":"","_EventCostDescription":"","_EventCurrencySymbol":"","_EventCurrencyCode":"","_EventCurrencyPosition":"","_EventDateTimeSeparator":"","_EventTimeRangeSeparator":"","_EventOrganizerID":[],"_EventVenueID":[],"_OrganizerEmail":"","_OrganizerPhone":"","_OrganizerWebsite":"","_VenueAddress":"","_VenueCity":"","_VenueCountry":"","_VenueProvince":"","_VenueState":"","_VenueZip":"","_VenuePhone":"","_VenueURL":"","_VenueStateProvince":"","_VenueLat":"","_VenueLng":"","_VenueShowMap":false,"_VenueShowMapLink":false,"_kadence_starter_templates_imported_post":false,"_kad_post_transparent":"","_kad_post_title":"","_kad_post_layout":"","_kad_post_sidebar_id":"","_kad_post_content_style":"","_kad_post_vertical_padding":"","_kad_post_feature":"","_kad_post_feature_position":"","_kad_post_header":false,"_kad_post_footer":false,"_kad_post_classname":"","footnotes":""},"class_list":["post-1393","page","type-page","status-publish","hentry"],"_links":{"self":[{"href":"https:\/\/www.promare.com.tr\/en\/wp-json\/wp\/v2\/pages\/1393","targetHints":{"allow":["GET"]}}],"collection":[{"href":"https:\/\/www.promare.com.tr\/en\/wp-json\/wp\/v2\/pages"}],"about":[{"href":"https:\/\/www.promare.com.tr\/en\/wp-json\/wp\/v2\/types\/page"}],"author":[{"embeddable":true,"href":"https:\/\/www.promare.com.tr\/en\/wp-json\/wp\/v2\/users\/1"}],"replies":[{"embeddable":true,"href":"https:\/\/www.promare.com.tr\/en\/wp-json\/wp\/v2\/comments?post=1393"}],"version-history":[{"count":7,"href":"https:\/\/www.promare.com.tr\/en\/wp-json\/wp\/v2\/pages\/1393\/revisions"}],"predecessor-version":[{"id":1611,"href":"https:\/\/www.promare.com.tr\/en\/wp-json\/wp\/v2\/pages\/1393\/revisions\/1611"}],"wp:attachment":[{"href":"https:\/\/www.promare.com.tr\/en\/wp-json\/wp\/v2\/media?parent=1393"}],"curies":[{"name":"wp","href":"https:\/\/api.w.org\/{rel}","templated":true}]}}