{"id":1640,"date":"2026-01-15T03:59:06","date_gmt":"2026-01-15T03:59:06","guid":{"rendered":"https:\/\/www.promare.com.tr\/?page_id=1640"},"modified":"2026-03-27T08:24:45","modified_gmt":"2026-03-27T08:24:45","slug":"kursunlu-urunler","status":"publish","type":"page","link":"https:\/\/www.promare.com.tr\/en\/kursunlu-urunler\/","title":{"rendered":"Lead Products"},"content":{"rendered":"<h3 class=\"wp-block-heading has-text-align-center has-larger-font-size\"><strong>Lead Products<\/strong><\/h3>\n\n\n\n<div style=\"height:21px\" aria-hidden=\"true\" class=\"wp-block-spacer\"><\/div>\n\n\n\n<div class=\"wp-block-columns is-layout-flex wp-container-core-columns-is-layout-9d6595d7 wp-block-columns-is-layout-flex\">\n<div class=\"wp-block-column is-layout-flow wp-block-column-is-layout-flow\">\n<figure class=\"wp-block-image size-large\" style=\"margin-right:var(--wp--preset--spacing--50);margin-left:var(--wp--preset--spacing--50)\"><img loading=\"lazy\" decoding=\"async\" width=\"1024\" height=\"576\" src=\"https:\/\/www.promare.com.tr\/wp-content\/uploads\/2026\/01\/WhatsApp-Image-2026-01-04-at-00.28.419-1-1024x576.jpeg\" alt=\"\" class=\"wp-image-1454\" style=\"aspect-ratio:4\/3;object-fit:cover\" srcset=\"https:\/\/www.promare.com.tr\/wp-content\/uploads\/2026\/01\/WhatsApp-Image-2026-01-04-at-00.28.419-1-1024x576.jpeg 1024w, https:\/\/www.promare.com.tr\/wp-content\/uploads\/2026\/01\/WhatsApp-Image-2026-01-04-at-00.28.419-1-300x169.jpeg 300w, https:\/\/www.promare.com.tr\/wp-content\/uploads\/2026\/01\/WhatsApp-Image-2026-01-04-at-00.28.419-1-768x432.jpeg 768w, https:\/\/www.promare.com.tr\/wp-content\/uploads\/2026\/01\/WhatsApp-Image-2026-01-04-at-00.28.419-1-1536x864.jpeg 1536w, https:\/\/www.promare.com.tr\/wp-content\/uploads\/2026\/01\/WhatsApp-Image-2026-01-04-at-00.28.419-1.jpeg 1599w\" sizes=\"auto, (max-width: 1024px) 100vw, 1024px\" \/><\/figure>\n\n\n\n<p class=\"has-text-align-center\" style=\"font-size:17px\">LEAD PLATES<\/p>\n<\/div>\n\n\n\n<div class=\"wp-block-column is-layout-flow wp-block-column-is-layout-flow\">\n<figure class=\"wp-block-image size-full\" style=\"margin-right:var(--wp--preset--spacing--50);margin-left:var(--wp--preset--spacing--50)\"><img loading=\"lazy\" decoding=\"async\" width=\"424\" height=\"386\" src=\"https:\/\/www.promare.com.tr\/wp-content\/uploads\/2026\/01\/Kursunlu-Camlar.jpeg\" alt=\"\" class=\"wp-image-1552\" style=\"aspect-ratio:4\/3;object-fit:contain\" srcset=\"https:\/\/www.promare.com.tr\/wp-content\/uploads\/2026\/01\/Kursunlu-Camlar.jpeg 424w, https:\/\/www.promare.com.tr\/wp-content\/uploads\/2026\/01\/Kursunlu-Camlar-300x273.jpeg 300w\" sizes=\"auto, (max-width: 424px) 100vw, 424px\" \/><\/figure>\n\n\n\n<p class=\"has-text-align-center\" style=\"font-size:17px\">LEADED GLASSES<\/p>\n<\/div>\n\n\n\n<div class=\"wp-block-column is-layout-flow wp-block-column-is-layout-flow\">\n<figure class=\"wp-block-image size-large\" style=\"margin-right:var(--wp--preset--spacing--50);margin-left:var(--wp--preset--spacing--50)\"><img loading=\"lazy\" decoding=\"async\" width=\"768\" height=\"1024\" src=\"https:\/\/www.promare.com.tr\/wp-content\/uploads\/2026\/01\/WhatsApp-Image-2026-01-04-at-00.29.4611-768x1024.jpeg\" alt=\"\" class=\"wp-image-1427\" style=\"aspect-ratio:4\/3;object-fit:contain\" srcset=\"https:\/\/www.promare.com.tr\/wp-content\/uploads\/2026\/01\/WhatsApp-Image-2026-01-04-at-00.29.4611-768x1024.jpeg 768w, https:\/\/www.promare.com.tr\/wp-content\/uploads\/2026\/01\/WhatsApp-Image-2026-01-04-at-00.29.4611-225x300.jpeg 225w, https:\/\/www.promare.com.tr\/wp-content\/uploads\/2026\/01\/WhatsApp-Image-2026-01-04-at-00.29.4611-1152x1536.jpeg 1152w, https:\/\/www.promare.com.tr\/wp-content\/uploads\/2026\/01\/WhatsApp-Image-2026-01-04-at-00.29.4611.jpeg 1200w\" sizes=\"auto, (max-width: 768px) 100vw, 768px\" \/><\/figure>\n\n\n\n<p class=\"has-text-align-center\" style=\"font-size:17px\">LEADED DOORS<\/p>\n<\/div>\n\n\n\n<div class=\"wp-block-column is-layout-flow wp-block-column-is-layout-flow\">\n<figure class=\"wp-block-image size-full\" style=\"margin-right:var(--wp--preset--spacing--50);margin-left:var(--wp--preset--spacing--50)\"><img loading=\"lazy\" decoding=\"async\" width=\"1024\" height=\"1536\" src=\"https:\/\/www.promare.com.tr\/wp-content\/uploads\/2026\/03\/Radyasyondan-koruma-yelegi-1.png\" alt=\"\" class=\"wp-image-1754\" style=\"aspect-ratio:4\/3;object-fit:contain\" srcset=\"https:\/\/www.promare.com.tr\/wp-content\/uploads\/2026\/03\/Radyasyondan-koruma-yelegi-1.png 1024w, https:\/\/www.promare.com.tr\/wp-content\/uploads\/2026\/03\/Radyasyondan-koruma-yelegi-1-200x300.png 200w, https:\/\/www.promare.com.tr\/wp-content\/uploads\/2026\/03\/Radyasyondan-koruma-yelegi-1-683x1024.png 683w, https:\/\/www.promare.com.tr\/wp-content\/uploads\/2026\/03\/Radyasyondan-koruma-yelegi-1-768x1152.png 768w, https:\/\/www.promare.com.tr\/wp-content\/uploads\/2026\/03\/Radyasyondan-koruma-yelegi-1-8x12.png 8w\" sizes=\"auto, (max-width: 1024px) 100vw, 1024px\" \/><\/figure>\n\n\n\n<p class=\"has-text-align-center\" style=\"font-size:17px\">LEADED VESTS<\/p>\n<\/div>\n<\/div>\n\n\n\n<div style=\"height:35px\" aria-hidden=\"true\" class=\"wp-block-spacer\"><\/div>","protected":false},"excerpt":{"rendered":"<p>Kur\u015funlu \u00dcr\u00fcnler KUR\u015eUN PLAKALAR KUR\u015eUNLU CAMLAR KUR\u015eUNLU KAPILAR KUR\u015eUNLU YELEKLER<\/p>","protected":false},"author":1,"featured_media":0,"parent":0,"menu_order":0,"comment_status":"closed","ping_status":"closed","template":"","meta":{"_EventAllDay":false,"_EventTimezone":"","_EventStartDate":"","_EventEndDate":"","_EventStartDateUTC":"","_EventEndDateUTC":"","_EventShowMap":false,"_EventShowMapLink":false,"_EventURL":"","_EventCost":"","_EventCostDescription":"","_EventCurrencySymbol":"","_EventCurrencyCode":"","_EventCurrencyPosition":"","_EventDateTimeSeparator":"","_EventTimeRangeSeparator":"","_EventOrganizerID":[],"_EventVenueID":[],"_OrganizerEmail":"","_OrganizerPhone":"","_OrganizerWebsite":"","_VenueAddress":"","_VenueCity":"","_VenueCountry":"","_VenueProvince":"","_VenueState":"","_VenueZip":"","_VenuePhone":"","_VenueURL":"","_VenueStateProvince":"","_VenueLat":"","_VenueLng":"","_VenueShowMap":false,"_VenueShowMapLink":false,"_kadence_starter_templates_imported_post":false,"_kad_post_transparent":"","_kad_post_title":"","_kad_post_layout":"","_kad_post_sidebar_id":"","_kad_post_content_style":"","_kad_post_vertical_padding":"","_kad_post_feature":"","_kad_post_feature_position":"","_kad_post_header":false,"_kad_post_footer":false,"_kad_post_classname":"","footnotes":""},"class_list":["post-1640","page","type-page","status-publish","hentry"],"_links":{"self":[{"href":"https:\/\/www.promare.com.tr\/en\/wp-json\/wp\/v2\/pages\/1640","targetHints":{"allow":["GET"]}}],"collection":[{"href":"https:\/\/www.promare.com.tr\/en\/wp-json\/wp\/v2\/pages"}],"about":[{"href":"https:\/\/www.promare.com.tr\/en\/wp-json\/wp\/v2\/types\/page"}],"author":[{"embeddable":true,"href":"https:\/\/www.promare.com.tr\/en\/wp-json\/wp\/v2\/users\/1"}],"replies":[{"embeddable":true,"href":"https:\/\/www.promare.com.tr\/en\/wp-json\/wp\/v2\/comments?post=1640"}],"version-history":[{"count":4,"href":"https:\/\/www.promare.com.tr\/en\/wp-json\/wp\/v2\/pages\/1640\/revisions"}],"predecessor-version":[{"id":1755,"href":"https:\/\/www.promare.com.tr\/en\/wp-json\/wp\/v2\/pages\/1640\/revisions\/1755"}],"wp:attachment":[{"href":"https:\/\/www.promare.com.tr\/en\/wp-json\/wp\/v2\/media?parent=1640"}],"curies":[{"name":"wp","href":"https:\/\/api.w.org\/{rel}","templated":true}]}}