{"id":1642,"date":"2026-01-15T04:00:11","date_gmt":"2026-01-15T04:00:11","guid":{"rendered":"https:\/\/www.promare.com.tr\/?page_id=1642"},"modified":"2026-05-04T13:51:43","modified_gmt":"2026-05-04T13:51:43","slug":"kursunsuz-urunler","status":"publish","type":"page","link":"https:\/\/www.promare.com.tr\/en\/kursunsuz-urunler\/","title":{"rendered":"Lead-Free Products"},"content":{"rendered":"<h3 class=\"wp-block-heading has-text-align-center has-larger-font-size\"><strong>Lead-Free Products<\/strong><\/h3>\n\n\n\n<div style=\"height:29px\" aria-hidden=\"true\" class=\"wp-block-spacer\"><\/div>\n\n\n\n<div class=\"wp-block-columns is-layout-flex wp-container-core-columns-is-layout-9d6595d7 wp-block-columns-is-layout-flex\">\n<div class=\"wp-block-column is-layout-flow wp-block-column-is-layout-flow\">\n<figure class=\"wp-block-image size-full is-resized\" style=\"margin-right:var(--wp--preset--spacing--50);margin-left:var(--wp--preset--spacing--50)\"><img loading=\"lazy\" decoding=\"async\" width=\"1600\" height=\"1600\" src=\"https:\/\/www.promare.com.tr\/wp-content\/uploads\/2026\/05\/BaRPShield-Kova.jpeg\" alt=\"\" class=\"wp-image-1758\" style=\"aspect-ratio:1;object-fit:contain;width:694px;height:auto\" srcset=\"https:\/\/www.promare.com.tr\/wp-content\/uploads\/2026\/05\/BaRPShield-Kova.jpeg 1600w, https:\/\/www.promare.com.tr\/wp-content\/uploads\/2026\/05\/BaRPShield-Kova-300x300.jpeg 300w, https:\/\/www.promare.com.tr\/wp-content\/uploads\/2026\/05\/BaRPShield-Kova-1024x1024.jpeg 1024w, https:\/\/www.promare.com.tr\/wp-content\/uploads\/2026\/05\/BaRPShield-Kova-150x150.jpeg 150w, https:\/\/www.promare.com.tr\/wp-content\/uploads\/2026\/05\/BaRPShield-Kova-768x768.jpeg 768w, https:\/\/www.promare.com.tr\/wp-content\/uploads\/2026\/05\/BaRPShield-Kova-1536x1536.jpeg 1536w, https:\/\/www.promare.com.tr\/wp-content\/uploads\/2026\/05\/BaRPShield-Kova-12x12.jpeg 12w\" sizes=\"auto, (max-width: 1600px) 100vw, 1600px\" \/><\/figure>\n<\/div>\n\n\n\n<div class=\"wp-block-column is-layout-flow wp-block-column-is-layout-flow\" style=\"padding-right:var(--wp--preset--spacing--50);padding-left:var(--wp--preset--spacing--50)\">\n<p style=\"font-size:17px\"><strong>BARP \u2013 RADIATION PROTECTIVE PLASTER<\/strong><br><br>Barp is Turkey's first and only radiation protection product manufactured as an alternative to lead, permitted by national legislation.<br><br>It is an innovative plaster material that has undergone all necessary tests and received approval (TENMAK and ITU), and is registered.<br><br>It is extremely practical to apply, costs equivalent to lead, and offers the highest level of radiation protection.<\/p>\n\n\n\n<p style=\"font-size:17px\">For example: At Istanbul Osmano\u011flu Hospital, X-ray and CT scan rooms have been constructed in accordance with regulations using BARP technology, meeting all necessary standards and being put into use.<\/p>\n<\/div>\n<\/div>\n\n\n\n<div style=\"height:21px\" aria-hidden=\"true\" class=\"wp-block-spacer\"><\/div>\n\n\n\n<div class=\"wp-block-columns is-layout-flex wp-container-core-columns-is-layout-9d6595d7 wp-block-columns-is-layout-flex\">\n<div class=\"wp-block-column is-layout-flow wp-block-column-is-layout-flow\">\n<figure style=\"margin-right:var(--wp--preset--spacing--50);margin-left:var(--wp--preset--spacing--50)\" class=\"wp-block-video\"><video height=\"464\" style=\"aspect-ratio: 832 \/ 464;\" width=\"832\" controls src=\"https:\/\/www.promare.com.tr\/wp-content\/uploads\/2026\/01\/WhatsApp-Video-2026-01-04-at-00.20.417.mp4\"><\/video><\/figure>\n<\/div>\n<\/div>\n\n\n\n<div style=\"height:21px\" aria-hidden=\"true\" class=\"wp-block-spacer\"><\/div>\n\n\n\n<div class=\"wp-block-columns is-layout-flex wp-container-core-columns-is-layout-30ac8118 wp-block-columns-is-layout-flex\" style=\"padding-right:var(--wp--preset--spacing--50);padding-left:var(--wp--preset--spacing--50)\">\n<div class=\"wp-block-column is-layout-flow wp-block-column-is-layout-flow\">\n<p style=\"font-size:17px\"><strong>DEMRON \u2013 LEAD-FREE RADIATION PROTECTIVE FABRIC<\/strong><br><br>Demron is a type of fabric developed in the United States by Radshield Technologies in 2003 using nanotechnology. It is a polymer-based, innovative product developed as an alternative to lead, providing protection against alpha, beta, and gamma rays in medical, military, and nuclear facilities. Its purpose is to replace lead-containing clothing, which is harmful to human health.&nbsp;<br><br>It was first used internationally in the 2011 Fukushima Nuclear Power Plant explosion and was accepted by the Japanese government. <\/p>\n\n\n\n<p style=\"font-size:17px\">Furthermore, it is the world's first and only \"lead-free\" fabric type approved by NASA and authorized for use in nuclear facilities. It is currently used by the U.S. Department of Energy, Department of Defense, and Department of Homeland Security.<\/p>\n<\/div>\n\n\n\n<div class=\"wp-block-column is-layout-flow wp-block-column-is-layout-flow\">\n<figure class=\"wp-block-image size-full is-resized\"><img loading=\"lazy\" decoding=\"async\" width=\"640\" height=\"360\" src=\"https:\/\/www.promare.com.tr\/wp-content\/uploads\/2026\/01\/RST_Logo.jpg\" alt=\"\" class=\"wp-image-1445\" style=\"aspect-ratio:16\/9;object-fit:cover;width:759px;height:auto\" srcset=\"https:\/\/www.promare.com.tr\/wp-content\/uploads\/2026\/01\/RST_Logo.jpg 640w, https:\/\/www.promare.com.tr\/wp-content\/uploads\/2026\/01\/RST_Logo-300x169.jpg 300w\" sizes=\"auto, (max-width: 640px) 100vw, 640px\" \/><\/figure>\n<\/div>\n<\/div>\n\n\n\n<div style=\"height:21px\" aria-hidden=\"true\" class=\"wp-block-spacer\"><\/div>\n\n\n\n<div class=\"wp-block-columns is-layout-flex wp-container-core-columns-is-layout-9d6595d7 wp-block-columns-is-layout-flex\">\n<div class=\"wp-block-column is-layout-flow wp-block-column-is-layout-flow\" style=\"padding-right:var(--wp--preset--spacing--50);padding-left:var(--wp--preset--spacing--50)\">\n<p style=\"font-size:17px\"><strong><u>Demron, with its unique features:&nbsp;<\/u><\/strong><\/p>\n\n\n\n<ul class=\"wp-block-list\">\n<li style=\"font-size:17px\">\u2022\tIt poses no health risks to the human body, contains no toxic substances, and is a nanotechnology-based fabric made from natural elements. It is flexible, washable, and suitable for textile production. It is washable and has a long shelf life.&nbsp;<br><\/li>\n\n\n\n<li style=\"font-size:17px\">\u2022\tIt does not pose any risk of toxic complications or cancer from contact in cases such as tearing or abrasion.<br><\/li>\n\n\n\n<li style=\"font-size:17px\">\u2022\tThere is no disposal procedure at the end of its service life.<br><\/li>\n\n\n\n<li style=\"font-size:17px\">\u2022\tIn terms of product weight, it is quite lightweight. The patented \"Demron Torso Vest\" weighs only 3.00 kg.&nbsp;<br><\/li>\n\n\n\n<li style=\"font-size:17px\">\u2022\tIt has protective properties against chemical and biological fallout and exhibits high fire resistance.&nbsp;<br><\/li>\n\n\n\n<li style=\"font-size:17px\">\u2022\tIt reduces the heat generated by the body or the external environment during use, allowing for extended wear.&nbsp;<br><\/li>\n\n\n\n<li style=\"font-size:17px\">\u2022\tBecause it is produced as a fabric, it allows for the production of all kinds of clothing. &nbsp;<br><\/li>\n\n\n\n<li style=\"font-size:17px\">\u2022\tThe Demron Torso Vest features enhanced protection in the groin area thanks to its four-layer design. A matching thyroid protector accessory, made with two layers of fabric, is also available. These areas are among the most at-risk zones in environments where radiation equipment is used.<\/li>\n<\/ul>\n<\/div>\n<\/div>\n\n\n\n<div style=\"height:35px\" aria-hidden=\"true\" class=\"wp-block-spacer\"><\/div>\n\n\n\n<div class=\"wp-block-columns is-layout-flex wp-container-core-columns-is-layout-30ac8118 wp-block-columns-is-layout-flex\" style=\"padding-right:var(--wp--preset--spacing--50);padding-left:var(--wp--preset--spacing--50)\">\n<div class=\"wp-block-column is-layout-flow wp-block-column-is-layout-flow\">\n<figure class=\"wp-block-image size-full\"><img loading=\"lazy\" decoding=\"async\" width=\"1251\" height=\"1600\" src=\"https:\/\/www.promare.com.tr\/wp-content\/uploads\/2026\/01\/Demron-Torso-vest.jpg\" alt=\"\" class=\"wp-image-1564\" srcset=\"https:\/\/www.promare.com.tr\/wp-content\/uploads\/2026\/01\/Demron-Torso-vest.jpg 1251w, https:\/\/www.promare.com.tr\/wp-content\/uploads\/2026\/01\/Demron-Torso-vest-235x300.jpg 235w, https:\/\/www.promare.com.tr\/wp-content\/uploads\/2026\/01\/Demron-Torso-vest-801x1024.jpg 801w, https:\/\/www.promare.com.tr\/wp-content\/uploads\/2026\/01\/Demron-Torso-vest-768x982.jpg 768w, https:\/\/www.promare.com.tr\/wp-content\/uploads\/2026\/01\/Demron-Torso-vest-1201x1536.jpg 1201w\" sizes=\"auto, (max-width: 1251px) 100vw, 1251px\" \/><\/figure>\n<\/div>\n\n\n\n<div class=\"wp-block-column is-layout-flow wp-block-column-is-layout-flow\">\n<figure class=\"wp-block-image size-full\"><img loading=\"lazy\" decoding=\"async\" width=\"823\" height=\"823\" src=\"https:\/\/www.promare.com.tr\/wp-content\/uploads\/2026\/01\/7_c2721543-5e0e-442d-baa7-d17ccf1d874a.webp\" alt=\"\" class=\"wp-image-1565\" srcset=\"https:\/\/www.promare.com.tr\/wp-content\/uploads\/2026\/01\/7_c2721543-5e0e-442d-baa7-d17ccf1d874a.webp 823w, https:\/\/www.promare.com.tr\/wp-content\/uploads\/2026\/01\/7_c2721543-5e0e-442d-baa7-d17ccf1d874a-300x300.webp 300w, https:\/\/www.promare.com.tr\/wp-content\/uploads\/2026\/01\/7_c2721543-5e0e-442d-baa7-d17ccf1d874a-150x150.webp 150w, https:\/\/www.promare.com.tr\/wp-content\/uploads\/2026\/01\/7_c2721543-5e0e-442d-baa7-d17ccf1d874a-768x768.webp 768w\" sizes=\"auto, (max-width: 823px) 100vw, 823px\" \/><\/figure>\n<\/div>\n\n\n\n<div class=\"wp-block-column is-layout-flow wp-block-column-is-layout-flow\">\n<figure class=\"wp-block-image size-full\"><img loading=\"lazy\" decoding=\"async\" width=\"600\" height=\"600\" src=\"https:\/\/www.promare.com.tr\/wp-content\/uploads\/2026\/01\/9-600x600_78d05ced-82e7-4ed4-9e6e-41cc2ae9160f.webp\" alt=\"\" class=\"wp-image-1567\" srcset=\"https:\/\/www.promare.com.tr\/wp-content\/uploads\/2026\/01\/9-600x600_78d05ced-82e7-4ed4-9e6e-41cc2ae9160f.webp 600w, https:\/\/www.promare.com.tr\/wp-content\/uploads\/2026\/01\/9-600x600_78d05ced-82e7-4ed4-9e6e-41cc2ae9160f-300x300.webp 300w, https:\/\/www.promare.com.tr\/wp-content\/uploads\/2026\/01\/9-600x600_78d05ced-82e7-4ed4-9e6e-41cc2ae9160f-150x150.webp 150w\" sizes=\"auto, (max-width: 600px) 100vw, 600px\" \/><\/figure>\n<\/div>\n\n\n\n<div class=\"wp-block-column is-vertically-aligned-top is-layout-flow wp-block-column-is-layout-flow\"><div class=\"wp-block-image\">\n<figure class=\"aligncenter size-full is-resized\"><img loading=\"lazy\" decoding=\"async\" width=\"503\" height=\"774\" src=\"https:\/\/www.promare.com.tr\/wp-content\/uploads\/2026\/01\/Promare-Koruma.jpg\" alt=\"\" class=\"wp-image-1576\" style=\"aspect-ratio:0.75;object-fit:cover;width:257px;height:auto\" srcset=\"https:\/\/www.promare.com.tr\/wp-content\/uploads\/2026\/01\/Promare-Koruma.jpg 503w, https:\/\/www.promare.com.tr\/wp-content\/uploads\/2026\/01\/Promare-Koruma-195x300.jpg 195w\" sizes=\"auto, (max-width: 503px) 100vw, 503px\" \/><\/figure>\n<\/div><\/div>\n<\/div>","protected":false},"excerpt":{"rendered":"<p>Kur\u015funsuz \u00dcr\u00fcnler BARP &#8211; RADYASYONDAN KORUYUCU SIVA Ulusal mevzuatlar\u0131n izin verdi\u011fi ve kur\u015funa muadil olarak \u00fcretilmi\u015f T\u00fcrkiye&#8217;nin ilk ve tek radyasyondan koruma \u00fcr\u00fcn\u00fcd\u00fcr. Gerekli t\u00fcm testleri yap\u0131l\u0131p onay al\u0131nm\u0131\u015f (TENMAK&#8230;<\/p>","protected":false},"author":1,"featured_media":0,"parent":0,"menu_order":0,"comment_status":"closed","ping_status":"closed","template":"","meta":{"_EventAllDay":false,"_EventTimezone":"","_EventStartDate":"","_EventEndDate":"","_EventStartDateUTC":"","_EventEndDateUTC":"","_EventShowMap":false,"_EventShowMapLink":false,"_EventURL":"","_EventCost":"","_EventCostDescription":"","_EventCurrencySymbol":"","_EventCurrencyCode":"","_EventCurrencyPosition":"","_EventDateTimeSeparator":"","_EventTimeRangeSeparator":"","_EventOrganizerID":[],"_EventVenueID":[],"_OrganizerEmail":"","_OrganizerPhone":"","_OrganizerWebsite":"","_VenueAddress":"","_VenueCity":"","_VenueCountry":"","_VenueProvince":"","_VenueState":"","_VenueZip":"","_VenuePhone":"","_VenueURL":"","_VenueStateProvince":"","_VenueLat":"","_VenueLng":"","_VenueShowMap":false,"_VenueShowMapLink":false,"_kadence_starter_templates_imported_post":false,"_kad_post_transparent":"","_kad_post_title":"","_kad_post_layout":"","_kad_post_sidebar_id":"","_kad_post_content_style":"","_kad_post_vertical_padding":"","_kad_post_feature":"","_kad_post_feature_position":"","_kad_post_header":false,"_kad_post_footer":false,"_kad_post_classname":"","footnotes":""},"class_list":["post-1642","page","type-page","status-publish","hentry"],"_links":{"self":[{"href":"https:\/\/www.promare.com.tr\/en\/wp-json\/wp\/v2\/pages\/1642","targetHints":{"allow":["GET"]}}],"collection":[{"href":"https:\/\/www.promare.com.tr\/en\/wp-json\/wp\/v2\/pages"}],"about":[{"href":"https:\/\/www.promare.com.tr\/en\/wp-json\/wp\/v2\/types\/page"}],"author":[{"embeddable":true,"href":"https:\/\/www.promare.com.tr\/en\/wp-json\/wp\/v2\/users\/1"}],"replies":[{"embeddable":true,"href":"https:\/\/www.promare.com.tr\/en\/wp-json\/wp\/v2\/comments?post=1642"}],"version-history":[{"count":5,"href":"https:\/\/www.promare.com.tr\/en\/wp-json\/wp\/v2\/pages\/1642\/revisions"}],"predecessor-version":[{"id":1759,"href":"https:\/\/www.promare.com.tr\/en\/wp-json\/wp\/v2\/pages\/1642\/revisions\/1759"}],"wp:attachment":[{"href":"https:\/\/www.promare.com.tr\/en\/wp-json\/wp\/v2\/media?parent=1642"}],"curies":[{"name":"wp","href":"https:\/\/api.w.org\/{rel}","templated":true}]}}