{"id":605,"date":"2021-03-23T17:10:11","date_gmt":"2021-03-23T14:10:11","guid":{"rendered":"https:\/\/www.grafas.org\/demo09\/?page_id=605"},"modified":"2026-02-12T10:16:03","modified_gmt":"2026-02-12T10:16:03","slug":"hakkimizda","status":"publish","type":"page","link":"https:\/\/www.promare.com.tr\/en\/hakkimizda\/","title":{"rendered":"About Us"},"content":{"rendered":"\n<div style=\"height:23px\" aria-hidden=\"true\" class=\"wp-block-spacer\"><\/div>\n\n\n<div class=\"wp-block-image\">\n<figure class=\"aligncenter size-full is-resized\"><img loading=\"lazy\" decoding=\"async\" width=\"1024\" height=\"410\" src=\"https:\/\/www.promare.com.tr\/wp-content\/uploads\/2026\/01\/cropped-Umit-Orhon-Promare-Logo.jpeg\" alt=\"\" class=\"wp-image-1382\" style=\"width:334px;height:auto\" srcset=\"https:\/\/www.promare.com.tr\/wp-content\/uploads\/2026\/01\/cropped-Umit-Orhon-Promare-Logo.jpeg 1024w, https:\/\/www.promare.com.tr\/wp-content\/uploads\/2026\/01\/cropped-Umit-Orhon-Promare-Logo-300x120.jpeg 300w, https:\/\/www.promare.com.tr\/wp-content\/uploads\/2026\/01\/cropped-Umit-Orhon-Promare-Logo-768x308.jpeg 768w\" sizes=\"auto, (max-width: 1024px) 100vw, 1024px\" \/><\/figure>\n<\/div>\n\n<style>.kb-row-layout-id605_759117-83 > .kt-row-column-wrap{align-content:start;}:where(.kb-row-layout-id605_759117-83 > .kt-row-column-wrap) > .wp-block-kadence-column{justify-content:start;}.kb-row-layout-id605_759117-83 > .kt-row-column-wrap{column-gap:var(--global-kb-gap-md, 2rem);row-gap:var(--global-kb-gap-md, 2rem);max-width:var( --global-content-width, 1290px );padding-left:var(--global-content-edge-padding);padding-right:var(--global-content-edge-padding);padding-top:2px;padding-bottom:100px;grid-template-columns:minmax(0, 1fr);}.kb-row-layout-id605_759117-83{background-image:url('https:\/\/www.promare.com.tr\/wp-content\/uploads\/2021\/03\/main_bg_02.png');background-size:cover;background-position:47% 40%;background-attachment:scroll;background-repeat:no-repeat;}.kb-row-layout-id605_759117-83 > .kt-row-layout-overlay{opacity:0.30;}.kb-row-layout-id605_759117-83 .kt-row-layout-bottom-sep{height:100px;}.kb-row-layout-id605_759117-83 .kt-row-layout-bottom-sep svg{width:100%;}.kb-row-layout-id605_759117-83 .kt-row-layout-bottom-sep svg{fill:#ffffff!important;}.kb-row-layout-id605_759117-83 .kt-row-layout-top-sep{height:70px;}.kb-row-layout-id605_759117-83 .kt-row-layout-top-sep svg{width:100%;}.kb-row-layout-id605_759117-83 .kt-row-layout-top-sep svg{fill:var(--global-palette9, #ffffff)!important;}@media all and (max-width: 1024px){.kb-row-layout-id605_759117-83 > .kt-row-column-wrap{grid-template-columns:minmax(0, 1fr);}}@media all and (max-width: 1024px){.kb-row-layout-id605_759117-83 .kt-row-layout-bottom-sep{height:px;}}@media all and (max-width: 1024px){.kb-row-layout-id605_759117-83 .kt-row-layout-bottom-sep svg{width:%;}}@media all and (max-width: 767px){.kb-row-layout-id605_759117-83 > .kt-row-column-wrap{padding-top:0px;padding-right:0px;padding-left:0px;grid-template-columns:minmax(0, 1fr);}.kb-row-layout-id605_759117-83 .kt-row-layout-bottom-sep{height:px;}.kb-row-layout-id605_759117-83 .kt-row-layout-bottom-sep svg{width:%;}}<\/style><div class=\"kb-row-layout-wrap kb-row-layout-id605_759117-83 alignnone kt-row-has-bg wp-block-kadence-rowlayout\"><div class=\"kt-row-layout-top-sep kt-row-sep-type-mtns\"><svg viewBox=\"0 0 1000 100\" preserveAspectRatio=\"none\"><path d=\"M1000,50l-182.69,-45.286l-292.031,61.197l-190.875,-41.075l-143.748,28.794l-190.656,-23.63l0,70l1000,0l0,-50Z\" style=\"opacity: 0.4\" \/><path d=\"M1000,57l-152.781,-22.589l-214.383,19.81l-159.318,-21.471l-177.44,25.875l-192.722,5.627l-103.356,-27.275l0,63.023l1000,0l0,-43Z\" \/><\/svg><\/div><div class=\"kt-row-column-wrap kt-has-1-columns kt-row-layout-equal kt-tab-layout-inherit kt-mobile-layout-row kt-row-valign-top kb-theme-content-width\">\n<style>.kadence-column605_25a978-57 > .kt-inside-inner-col,.kadence-column605_25a978-57 > .kt-inside-inner-col:before{border-top-left-radius:0px;border-top-right-radius:0px;border-bottom-right-radius:0px;border-bottom-left-radius:0px;}.kadence-column605_25a978-57 > .kt-inside-inner-col{column-gap:var(--global-kb-gap-sm, 1rem);}.kadence-column605_25a978-57 > .kt-inside-inner-col{flex-direction:column;}.kadence-column605_25a978-57 > .kt-inside-inner-col > .aligncenter{width:100%;}.kadence-column605_25a978-57 > .kt-inside-inner-col:before{opacity:0.3;}.kadence-column605_25a978-57{position:relative;}@media all and (max-width: 1024px){.kadence-column605_25a978-57 > .kt-inside-inner-col{flex-direction:column;justify-content:center;}}@media all and (max-width: 767px){.kadence-column605_25a978-57 > .kt-inside-inner-col{flex-direction:column;justify-content:center;}}<\/style>\n<div class=\"wp-block-kadence-column kadence-column605_25a978-57 inner-column-1\"><div class=\"kt-inside-inner-col\"><style>.kb-row-layout-id605_fa5cac-46 > .kt-row-column-wrap{align-content:start;}:where(.kb-row-layout-id605_fa5cac-46 > .kt-row-column-wrap) > .wp-block-kadence-column{justify-content:start;}.kb-row-layout-id605_fa5cac-46 > .kt-row-column-wrap{column-gap:var(--global-kb-gap-md, 2rem);row-gap:var(--global-kb-gap-md, 2rem);padding-top:9px;padding-right:20px;padding-bottom:40px;padding-left:20px;grid-template-columns:repeat(2, minmax(0, 1fr));}.kb-row-layout-id605_fa5cac-46 > .kt-row-layout-overlay{opacity:0.30;}@media all and (max-width: 1024px){.kb-row-layout-id605_fa5cac-46 > .kt-row-column-wrap{grid-template-columns:repeat(2, minmax(0, 1fr));}}@media all and (max-width: 767px){.kb-row-layout-id605_fa5cac-46 > .kt-row-column-wrap{padding-top:0px;grid-template-columns:minmax(0, 1fr);}}<\/style><div class=\"kb-row-layout-wrap kb-row-layout-id605_fa5cac-46 alignnone wp-block-kadence-rowlayout\"><div class=\"kt-row-column-wrap kt-has-2-columns kt-row-layout-equal kt-tab-layout-inherit kt-mobile-layout-row kt-row-valign-top\">\n<style>.kadence-column605_aa5df2-c4 > .kt-inside-inner-col,.kadence-column605_aa5df2-c4 > .kt-inside-inner-col:before{border-top-left-radius:0px;border-top-right-radius:0px;border-bottom-right-radius:0px;border-bottom-left-radius:0px;}.kadence-column605_aa5df2-c4 > .kt-inside-inner-col{column-gap:var(--global-kb-gap-sm, 1rem);}.kadence-column605_aa5df2-c4 > .kt-inside-inner-col{flex-direction:column;}.kadence-column605_aa5df2-c4 > .kt-inside-inner-col > .aligncenter{width:100%;}.kadence-column605_aa5df2-c4 > .kt-inside-inner-col:before{opacity:0.3;}.kadence-column605_aa5df2-c4{position:relative;}@media all and (max-width: 1024px){.kadence-column605_aa5df2-c4 > .kt-inside-inner-col{flex-direction:column;justify-content:center;}}@media all and (max-width: 767px){.kadence-column605_aa5df2-c4 > .kt-inside-inner-col{flex-direction:column;justify-content:center;}}<\/style>\n<div class=\"wp-block-kadence-column kadence-column605_aa5df2-c4 inner-column-1\"><div class=\"kt-inside-inner-col\">\n<p style=\"font-size:17px\">Promare, radyasyondan korunma konusunda&nbsp; farkl\u0131 alternatiflerle&nbsp;d\u00fcnya standartlar\u0131nda hizmet veren,&nbsp; y\u00fcksek&nbsp; tecr\u00fcbe ve g\u00fcvenilirli\u011fe sahip bir kurulu\u015ftur.<\/p>\n\n\n\n<p style=\"font-size:17px\">Alan\u0131nda uzman bir ekip ve en son teknolojiyi kullanan ekipman altyap\u0131s\u0131 ile Promare, gerek kur\u015funlu gerekse kur\u015funsuz alternatiflerle radyasyondan korunma konusunda d\u00fcnya genelinde giderek artan ihtiyac\u0131 kar\u015f\u0131lamay\u0131 hedeflemektedir.<\/p>\n\n\n\n<p style=\"font-size:17px\">Kurulu\u015fumuz, m\u00fc\u015fterilerine sadece tek bir \u00fcr\u00fcn de\u011fil&nbsp;&nbsp;<strong>&#8220;ANAHTAR TESL\u0130M&#8221;&nbsp;<\/strong>\u00e7\u00f6z\u00fcmler sunarak hem g\u00fcvenilir ve i\u015f y\u00fck\u00fcn\u00fc azaltan hem de maliyeti d\u00fc\u015f\u00fcren bir hizmet anlay\u0131\u015f\u0131na sahiptir<\/p>\n\n\n\n<p style=\"font-size:17px\">Promare, uluslararas\u0131 kriterlere ve standartlara uygun \u015fekilde, test edilebilir ve denetlenebilir&nbsp;\u00fcr\u00fcn yelpazesiyle farkl\u0131 alternatifler sunar. Kurulu\u015fumuz, her bir durum i\u00e7in \u00f6zel gerekli \u00f6n \u00e7al\u0131\u015fmay\u0131 yapar ve&nbsp; hata pay\u0131n\u0131 s\u0131f\u0131ra indirerek m\u00fcmk\u00fcn olan en iyi \u00e7\u00f6z\u00fcme ula\u015f\u0131r.<\/p>\n<\/div><\/div>\n\n\n<style>.kadence-column605_8014a4-e9 > .kt-inside-inner-col,.kadence-column605_8014a4-e9 > .kt-inside-inner-col:before{border-top-left-radius:0px;border-top-right-radius:0px;border-bottom-right-radius:0px;border-bottom-left-radius:0px;}.kadence-column605_8014a4-e9 > .kt-inside-inner-col{column-gap:var(--global-kb-gap-sm, 1rem);}.kadence-column605_8014a4-e9 > .kt-inside-inner-col{flex-direction:column;}.kadence-column605_8014a4-e9 > .kt-inside-inner-col > .aligncenter{width:100%;}.kadence-column605_8014a4-e9 > .kt-inside-inner-col:before{opacity:0.3;}.kadence-column605_8014a4-e9{position:relative;}@media all and (max-width: 1024px){.kadence-column605_8014a4-e9 > .kt-inside-inner-col{flex-direction:column;justify-content:center;}}@media all and (max-width: 767px){.kadence-column605_8014a4-e9 > .kt-inside-inner-col{flex-direction:column;justify-content:center;}}<\/style>\n<div class=\"wp-block-kadence-column kadence-column605_8014a4-e9 inner-column-2\"><div class=\"kt-inside-inner-col\">\n<p style=\"font-size:17px\">Misyonumuz, radyasyondan korunma konusunda kalite ve hizmet standartlar\u0131n\u0131 y\u00fckseltmek; m\u00fc\u015fterilerimize do\u011fru, h\u0131zl\u0131 ve g\u00fcvenilir \u00e7\u00f6z\u00fcmler sa\u011flayarak onlar\u0131n g\u00fcvenlik ve maliyet\/fayda seviyesini art\u0131rmakt\u0131r.<\/p>\n\n\n\n<p style=\"font-size:17px\">Vizyonumuz ise, sekt\u00f6rde&nbsp; komple radyasyon korumas\u0131 sa\u011flayan lider kurulu\u015flardan biri olarak uluslararas\u0131 alanda tan\u0131nan bir marka olmakt\u0131r.<\/p>\n\n\n\n<p style=\"font-size:17px\">Promare, m\u00fc\u015fteri odakl\u0131 yakla\u015f\u0131m\u0131yla, radyasyondan korunma konusunda ihtiya\u00e7lar\u0131 en iyi \u015fekilde analiz eden ve \u00f6zel \u00e7\u00f6z\u00fcmler sunan bir i\u015f modeli benimsemi\u015ftir. S\u00fcrekli iyile\u015ftirme anlay\u0131\u015f\u0131 ve yasal gerekliliklere tam uyumla \u00e7al\u0131\u015fmay\u0131 esas al\u0131r.<\/p>\n\n\n\n<p style=\"font-size:17px\">Bu \u00e7er\u00e7evede Promare, sadece bir yap\u0131 malzemeleri firmas\u0131 de\u011fil, ayn\u0131 zamanda sekt\u00f6rdeki i\u015fletmeler i\u00e7in stratejik bir i\u015f orta\u011f\u0131d\u0131r.<\/p>\n<\/div><\/div>\n\n<\/div><\/div>\n\n<style>.kb-row-layout-id605_8f3eac-63 > .kt-row-column-wrap{align-content:start;}:where(.kb-row-layout-id605_8f3eac-63 > .kt-row-column-wrap) > .wp-block-kadence-column{justify-content:start;}.kb-row-layout-id605_8f3eac-63 > .kt-row-column-wrap{column-gap:var(--global-kb-gap-md, 2rem);row-gap:var(--global-kb-gap-md, 2rem);max-width:var( --global-content-width, 1290px );padding-left:var(--global-content-edge-padding);padding-right:var(--global-content-edge-padding);padding-top:10px;padding-right:30px;padding-bottom:15px;padding-left:30px;grid-template-columns:minmax(0, 1fr);}.kb-row-layout-id605_8f3eac-63{border-top-right-radius:0px;border-bottom-right-radius:0px;border-bottom-left-radius:0px;}.kb-row-layout-id605_8f3eac-63 > .kt-row-layout-overlay{opacity:0.30;}@media all and (max-width: 1024px){.kb-row-layout-id605_8f3eac-63 > .kt-row-column-wrap{padding-right:0px;padding-bottom:80px;padding-left:0px;grid-template-columns:minmax(0, 1fr);}}@media all and (max-width: 767px){.kb-row-layout-id605_8f3eac-63 > .kt-row-column-wrap{padding-top:40px;padding-right:0px;padding-bottom:20px;padding-left:0px;grid-template-columns:minmax(0, 1fr);}.kb-row-layout-id605_8f3eac-63{border-top-left-radius:3px;border-top-right-radius:3px;border-bottom-right-radius:3px;border-bottom-left-radius:3px;}}<\/style><div class=\"kb-row-layout-wrap kb-row-layout-id605_8f3eac-63 alignnone has-theme-palette3-background-color kt-row-has-bg wp-block-kadence-rowlayout\"><div class=\"kt-row-column-wrap kt-has-1-columns kt-row-layout-equal kt-tab-layout-inherit kt-mobile-layout-row kt-row-valign-top kb-theme-content-width\">\n<style>.kadence-column605_a87297-31 > .kt-inside-inner-col{padding-right:30px;padding-left:30px;}.kadence-column605_a87297-31 > .kt-inside-inner-col,.kadence-column605_a87297-31 > .kt-inside-inner-col:before{border-top-left-radius:0px;border-top-right-radius:0px;border-bottom-right-radius:0px;border-bottom-left-radius:0px;}.kadence-column605_a87297-31 > .kt-inside-inner-col{column-gap:var(--global-kb-gap-sm, 1rem);}.kadence-column605_a87297-31 > .kt-inside-inner-col{flex-direction:column;}.kadence-column605_a87297-31 > .kt-inside-inner-col > .aligncenter{width:100%;}.kadence-column605_a87297-31 > .kt-inside-inner-col:before{opacity:0.3;}.kadence-column605_a87297-31{position:relative;}@media all and (max-width: 1024px){.kadence-column605_a87297-31 > .kt-inside-inner-col{flex-direction:column;justify-content:center;}}@media all and (max-width: 767px){.kadence-column605_a87297-31 > .kt-inside-inner-col{flex-direction:column;justify-content:center;}}<\/style>\n<div class=\"wp-block-kadence-column kadence-column605_a87297-31 inner-column-1\"><div class=\"kt-inside-inner-col\"><style>.wp-block-kadence-advancedheading.kt-adv-heading605_291371-85, .wp-block-kadence-advancedheading.kt-adv-heading605_291371-85[data-kb-block=\"kb-adv-heading605_291371-85\"]{padding-top:20px;padding-bottom:20px;text-align:center;font-size:35px;line-height:50px;font-style:normal;text-transform:none;}.wp-block-kadence-advancedheading.kt-adv-heading605_291371-85 mark.kt-highlight, .wp-block-kadence-advancedheading.kt-adv-heading605_291371-85[data-kb-block=\"kb-adv-heading605_291371-85\"] mark.kt-highlight{font-style:normal;color:#f76a0c;-webkit-box-decoration-break:clone;box-decoration-break:clone;padding-top:0px;padding-right:0px;padding-bottom:0px;padding-left:0px;}.wp-block-kadence-advancedheading.kt-adv-heading605_291371-85 img.kb-inline-image, .wp-block-kadence-advancedheading.kt-adv-heading605_291371-85[data-kb-block=\"kb-adv-heading605_291371-85\"] img.kb-inline-image{width:150px;vertical-align:baseline;}@media all and (max-width: 767px){.wp-block-kadence-advancedheading.kt-adv-heading605_291371-85, .wp-block-kadence-advancedheading.kt-adv-heading605_291371-85[data-kb-block=\"kb-adv-heading605_291371-85\"]{font-size:35px;line-height:45px;}}<\/style>\n<h3 class=\"kt-adv-heading605_291371-85 wp-block-kadence-advancedheading has-theme-palette-9-color has-text-color\" data-kb-block=\"kb-adv-heading605_291371-85\">Y\u00f6netim Kurulu Mesaj\u0131<\/h3>\n\n\n<style>.wp-block-kadence-advancedheading.kt-adv-heading605_d0a413-c5, .wp-block-kadence-advancedheading.kt-adv-heading605_d0a413-c5[data-kb-block=\"kb-adv-heading605_d0a413-c5\"]{text-align:center;font-size:17px;font-style:normal;}.wp-block-kadence-advancedheading.kt-adv-heading605_d0a413-c5 mark.kt-highlight, .wp-block-kadence-advancedheading.kt-adv-heading605_d0a413-c5[data-kb-block=\"kb-adv-heading605_d0a413-c5\"] mark.kt-highlight{font-style:normal;color:#f76a0c;-webkit-box-decoration-break:clone;box-decoration-break:clone;padding-top:0px;padding-right:0px;padding-bottom:0px;padding-left:0px;}.wp-block-kadence-advancedheading.kt-adv-heading605_d0a413-c5 img.kb-inline-image, .wp-block-kadence-advancedheading.kt-adv-heading605_d0a413-c5[data-kb-block=\"kb-adv-heading605_d0a413-c5\"] img.kb-inline-image{width:150px;vertical-align:baseline;}<\/style>\n<p class=\"kt-adv-heading605_d0a413-c5 wp-block-kadence-advancedheading has-theme-palette-6-color has-text-color\" data-kb-block=\"kb-adv-heading605_d0a413-c5\">PROMARE Yap\u0131 Malzemeleri Sanayi ve Ticaret A\u015e plan ve hedefleri gere\u011fince, mevcut TENMAK mevzuatlar\u0131na ve kalite gerekliliklerine uygun olarak tarafs\u0131z, h\u0131zl\u0131, etkin, devaml\u0131, do\u011fru, istikrarl\u0131, g\u00fcvenilir ve ba\u011f\u0131ms\u0131z bir politika izlemeyi ama\u00e7 edinmi\u015ftir.<br><br>PROMARE Yap\u0131 Malzemeleri Sanayi ve Ticaret A\u015e\u00a0Y\u00f6netimi m\u00fc\u015fterilerine Ulusal ve Uluslararas\u0131 Standartlar\u0131n gereklerini kar\u015f\u0131layacak d\u00fczey ve kalitede hizmet vermeyi taahh\u00fct eder.<\/p>\n\n\n<style>.wp-block-kadence-spacer.kt-block-spacer-605_754349-fb .kt-block-spacer{height:20px;}.wp-block-kadence-spacer.kt-block-spacer-605_754349-fb .kt-divider{border-top-width:1px;height:1px;border-top-color:var(--global-palette6, #718096);width:44%;border-top-style:solid;}<\/style>\n<div class=\"wp-block-kadence-spacer alignnone kt-block-spacer-605_754349-fb\"><div class=\"kt-block-spacer kt-block-spacer-halign-center\"><hr class=\"kt-divider\"\/><\/div><\/div>\n\n\n<style>.wp-block-kadence-advancedheading.kt-adv-heading605_d406e7-95, .wp-block-kadence-advancedheading.kt-adv-heading605_d406e7-95[data-kb-block=\"kb-adv-heading605_d406e7-95\"]{text-align:center;font-size:17px;font-style:normal;}.wp-block-kadence-advancedheading.kt-adv-heading605_d406e7-95 mark.kt-highlight, .wp-block-kadence-advancedheading.kt-adv-heading605_d406e7-95[data-kb-block=\"kb-adv-heading605_d406e7-95\"] mark.kt-highlight{font-style:normal;color:#f76a0c;-webkit-box-decoration-break:clone;box-decoration-break:clone;padding-top:0px;padding-right:0px;padding-bottom:0px;padding-left:0px;}.wp-block-kadence-advancedheading.kt-adv-heading605_d406e7-95 img.kb-inline-image, .wp-block-kadence-advancedheading.kt-adv-heading605_d406e7-95[data-kb-block=\"kb-adv-heading605_d406e7-95\"] img.kb-inline-image{width:150px;vertical-align:baseline;}<\/style>\n<h4 class=\"kt-adv-heading605_d406e7-95 wp-block-kadence-advancedheading has-theme-palette-9-color has-text-color\" data-kb-block=\"kb-adv-heading605_d406e7-95\">\u00dcmit ORHON<\/h4>\n\n\n<style>.wp-block-kadence-advancedheading.kt-adv-heading605_5397da-a0, .wp-block-kadence-advancedheading.kt-adv-heading605_5397da-a0[data-kb-block=\"kb-adv-heading605_5397da-a0\"]{text-align:center;font-size:17px;font-style:normal;}.wp-block-kadence-advancedheading.kt-adv-heading605_5397da-a0 mark.kt-highlight, .wp-block-kadence-advancedheading.kt-adv-heading605_5397da-a0[data-kb-block=\"kb-adv-heading605_5397da-a0\"] mark.kt-highlight{font-style:normal;color:#f76a0c;-webkit-box-decoration-break:clone;box-decoration-break:clone;padding-top:0px;padding-right:0px;padding-bottom:0px;padding-left:0px;}.wp-block-kadence-advancedheading.kt-adv-heading605_5397da-a0 img.kb-inline-image, .wp-block-kadence-advancedheading.kt-adv-heading605_5397da-a0[data-kb-block=\"kb-adv-heading605_5397da-a0\"] img.kb-inline-image{width:150px;vertical-align:baseline;}<\/style>\n<h6 class=\"kt-adv-heading605_5397da-a0 wp-block-kadence-advancedheading\" data-kb-block=\"kb-adv-heading605_5397da-a0\">Y\u00f6netim Kurulu Ba\u015fkan\u0131<\/h6>\n<\/div><\/div>\n\n<\/div><\/div><\/div><\/div>\n\n<\/div><\/div>","protected":false},"excerpt":{"rendered":"<p>Promare, radyasyondan korunma konusunda&nbsp; farkl\u0131 alternatiflerle&nbsp;d\u00fcnya standartlar\u0131nda hizmet veren,&nbsp; y\u00fcksek&nbsp; tecr\u00fcbe ve g\u00fcvenilirli\u011fe sahip bir kurulu\u015ftur. Alan\u0131nda uzman bir ekip ve en son teknolojiyi kullanan ekipman altyap\u0131s\u0131 ile Promare, gerek&#8230;<\/p>","protected":false},"author":1,"featured_media":0,"parent":0,"menu_order":0,"comment_status":"closed","ping_status":"closed","template":"","meta":{"_EventAllDay":false,"_EventTimezone":"","_EventStartDate":"","_EventEndDate":"","_EventStartDateUTC":"","_EventEndDateUTC":"","_EventShowMap":false,"_EventShowMapLink":false,"_EventURL":"","_EventCost":"","_EventCostDescription":"","_EventCurrencySymbol":"","_EventCurrencyCode":"","_EventCurrencyPosition":"","_EventDateTimeSeparator":"","_EventTimeRangeSeparator":"","_EventOrganizerID":[],"_EventVenueID":[],"_OrganizerEmail":"","_OrganizerPhone":"","_OrganizerWebsite":"","_VenueAddress":"","_VenueCity":"","_VenueCountry":"","_VenueProvince":"","_VenueState":"","_VenueZip":"","_VenuePhone":"","_VenueURL":"","_VenueStateProvince":"","_VenueLat":"","_VenueLng":"","_VenueShowMap":false,"_VenueShowMapLink":false,"_kadence_starter_templates_imported_post":true,"_kad_post_transparent":"","_kad_post_title":"hide","_kad_post_layout":"fullwidth","_kad_post_sidebar_id":"","_kad_post_content_style":"unboxed","_kad_post_vertical_padding":"hide","_kad_post_feature":"hide","_kad_post_feature_position":"","_kad_post_header":false,"_kad_post_footer":false,"_kad_post_classname":"","footnotes":""},"class_list":["post-605","page","type-page","status-publish","hentry"],"_links":{"self":[{"href":"https:\/\/www.promare.com.tr\/en\/wp-json\/wp\/v2\/pages\/605","targetHints":{"allow":["GET"]}}],"collection":[{"href":"https:\/\/www.promare.com.tr\/en\/wp-json\/wp\/v2\/pages"}],"about":[{"href":"https:\/\/www.promare.com.tr\/en\/wp-json\/wp\/v2\/types\/page"}],"author":[{"embeddable":true,"href":"https:\/\/www.promare.com.tr\/en\/wp-json\/wp\/v2\/users\/1"}],"replies":[{"embeddable":true,"href":"https:\/\/www.promare.com.tr\/en\/wp-json\/wp\/v2\/comments?post=605"}],"version-history":[{"count":24,"href":"https:\/\/www.promare.com.tr\/en\/wp-json\/wp\/v2\/pages\/605\/revisions"}],"predecessor-version":[{"id":1607,"href":"https:\/\/www.promare.com.tr\/en\/wp-json\/wp\/v2\/pages\/605\/revisions\/1607"}],"wp:attachment":[{"href":"https:\/\/www.promare.com.tr\/en\/wp-json\/wp\/v2\/media?parent=605"}],"curies":[{"name":"wp","href":"https:\/\/api.w.org\/{rel}","templated":true}]}}