{"id":694,"date":"2021-03-23T19:55:06","date_gmt":"2021-03-23T16:55:06","guid":{"rendered":"https:\/\/www.grafas.org\/demo09\/?page_id=694"},"modified":"2026-02-16T12:24:44","modified_gmt":"2026-02-16T12:24:44","slug":"iletisim","status":"publish","type":"page","link":"https:\/\/www.promare.com.tr\/en\/iletisim\/","title":{"rendered":"Contact"},"content":{"rendered":"\n<div style=\"height:50px\" aria-hidden=\"true\" class=\"wp-block-spacer\"><\/div>\n\n\n\n<div class=\"wp-block-columns is-layout-flex wp-container-core-columns-is-layout-9d6595d7 wp-block-columns-is-layout-flex\">\n<div class=\"wp-block-column is-layout-flow wp-block-column-is-layout-flow\" style=\"padding-right:var(--wp--preset--spacing--30);padding-left:var(--wp--preset--spacing--30)\">\n<div class=\"wp-block-group is-nowrap is-layout-flex wp-container-core-group-is-layout-ad2f72ca wp-block-group-is-layout-flex\"><style>.wp-block-kadence-column.kb-section-dir-horizontal > .kt-inside-inner-col > .kt-info-box694_28a4be-26{max-width:1042px;}.wp-block-kadence-column.kb-section-dir-horizontal > .kt-inside-inner-col > .kt-info-box694_28a4be-26 .kt-blocks-info-box-link-wrap{max-width:unset;}.kt-info-box694_28a4be-26 .kt-blocks-info-box-link-wrap{max-width:1042px;padding-top:var(--global-kb-spacing-xs, 1rem);padding-right:var(--global-kb-spacing-xs, 1rem);padding-bottom:var(--global-kb-spacing-xs, 1rem);padding-left:var(--global-kb-spacing-xs, 1rem);}.kt-info-box694_28a4be-26.wp-block-kadence-infobox{max-width:100%;}.kt-info-box694_28a4be-26 .kadence-info-box-image-inner-intrisic-container{max-width:138px;}.kt-info-box694_28a4be-26 .kadence-info-box-image-inner-intrisic-container .kadence-info-box-image-intrisic{padding-bottom:40.0391%;width:1024px;height:0px;max-width:100%;}.kt-info-box694_28a4be-26 .kadence-info-box-icon-container .kt-info-svg-icon, .kt-info-box694_28a4be-26 .kt-info-svg-icon-flip, .kt-info-box694_28a4be-26 .kt-blocks-info-box-number{font-size:5px;}.kt-info-box694_28a4be-26 .kt-blocks-info-box-media{border-top-width:0px;border-right-width:0px;border-bottom-width:0px;border-left-width:0px;padding-top:10px;padding-right:10px;padding-bottom:10px;padding-left:10px;}.kt-info-box694_28a4be-26 .kt-blocks-info-box-media-container{margin-top:0px;margin-right:15px;margin-bottom:0px;margin-left:15px;}.kt-info-box694_28a4be-26 .kt-infobox-textcontent h4.kt-blocks-info-box-title{letter-spacing:1.4px;padding-top:14px;padding-right:14px;padding-bottom:14px;padding-left:14px;}.kt-info-box694_28a4be-26 .kt-blocks-info-box-learnmore{background:transparent;border-width:0px 0px 0px 0px;padding-top:4px;padding-right:8px;padding-bottom:4px;padding-left:8px;margin-top:10px;margin-right:0px;margin-bottom:10px;margin-left:0px;}<\/style>\n<div class=\"wp-block-kadence-infobox kt-info-box694_28a4be-26\"><span class=\"kt-blocks-info-box-link-wrap info-box-link kt-blocks-info-box-media-align-top kt-info-halign-center\"><div class=\"kt-blocks-info-box-media-container\"><div class=\"kt-blocks-info-box-media kt-info-media-animate-none\"><div class=\"kadence-info-box-image-inner-intrisic-container\"><div class=\"kadence-info-box-image-intrisic kt-info-animate-none\"><div class=\"kadence-info-box-image-inner-intrisic\"><img loading=\"lazy\" decoding=\"async\" src=\"https:\/\/www.promare.com.tr\/wp-content\/uploads\/2026\/01\/cropped-Umit-Orhon-Promare-Logo.jpeg\" alt=\"\" width=\"1024\" height=\"410\" class=\"kt-info-box-image wp-image-1382\" srcset=\"https:\/\/www.promare.com.tr\/wp-content\/uploads\/2026\/01\/cropped-Umit-Orhon-Promare-Logo.jpeg 1024w, https:\/\/www.promare.com.tr\/wp-content\/uploads\/2026\/01\/cropped-Umit-Orhon-Promare-Logo-300x120.jpeg 300w, https:\/\/www.promare.com.tr\/wp-content\/uploads\/2026\/01\/cropped-Umit-Orhon-Promare-Logo-768x308.jpeg 768w\" sizes=\"auto, (max-width: 1024px) 100vw, 1024px\" \/><\/div><\/div><\/div><\/div><\/div><div class=\"kt-infobox-textcontent\"><h4 class=\"kt-blocks-info-box-title\">Promare Yap\u0131 Malzemeleri Sanayi ve Ticaret A.\u015e.<\/h4><p class=\"kt-blocks-info-box-text\">Tel: +90 212 438 33 58<br>Mob:+90 547 438 33 58<br>info@promare.com.tr<br>Oru\u00e7reis Mh. Giyimkent Sitesi 9.Sk. B 117 Blok No:72\/A P.K.34235 Esenler \/ \u0130stanbul<\/p><\/div><\/span><\/div>\n<\/div>\n<\/div>\n\n\n\n<div class=\"wp-block-column is-layout-flow wp-block-column-is-layout-flow\"><style>.wp-block-kadence-advanced-form1371-cpt-id, .wp-block-kadence-advanced-form1371-cpt-id.kb-form-has-background{padding-right:var(--global-kb-spacing-sm, 1.5rem);padding-left:var(--global-kb-spacing-sm, 1.5rem);}<\/style><div class=\"wp-block-kadence-advanced-form wp-block-kadence-advanced-form1371-cpt-id kb-adv-form-label-style-normal kb-adv-form-input-size-standard kb-form-basic-style wp-block-kadence-advanced-form\"><form id=\"kb-adv-form-1371-cpt-id\" class=\"kb-advanced-form\" method=\"post\" data-error-message=\"L\u00fctfen T\u00fcm Alanlar\u0131 Do\u011fru Doldurdu\u011funuzu Kontrol Ediniz!\">\n<style>.kb-row-layout-id694_c313e1-bd > .kt-row-column-wrap{align-content:start;}:where(.kb-row-layout-id694_c313e1-bd > .kt-row-column-wrap) > .wp-block-kadence-column{justify-content:start;}.kb-row-layout-id694_c313e1-bd > .kt-row-column-wrap{column-gap:var(--global-kb-gap-md, 2rem);row-gap:var(--global-kb-gap-md, 2rem);padding-top:0px;padding-right:0px;padding-bottom:0px;padding-left:0px;grid-template-columns:repeat(2, minmax(0, 1fr));}.kb-row-layout-id694_c313e1-bd > .kt-row-layout-overlay{opacity:0.30;}@media all and (max-width: 1024px){.kb-row-layout-id694_c313e1-bd > .kt-row-column-wrap{grid-template-columns:repeat(2, minmax(0, 1fr));}}@media all and (max-width: 767px){.kb-row-layout-id694_c313e1-bd > .kt-row-column-wrap{grid-template-columns:minmax(0, 1fr);}}<\/style><div class=\"kb-row-layout-wrap kb-row-layout-id694_c313e1-bd alignnone wp-block-kadence-rowlayout\"><div class=\"kt-row-column-wrap kt-has-2-columns kt-row-layout-equal kt-tab-layout-inherit kt-mobile-layout-row kt-row-valign-top\">\n<style>.kadence-column694_676d4d-83 > .kt-inside-inner-col,.kadence-column694_676d4d-83 > .kt-inside-inner-col:before{border-top-left-radius:0px;border-top-right-radius:0px;border-bottom-right-radius:0px;border-bottom-left-radius:0px;}.kadence-column694_676d4d-83 > .kt-inside-inner-col{column-gap:var(--global-kb-gap-sm, 1rem);}.kadence-column694_676d4d-83 > .kt-inside-inner-col{flex-direction:column;}.kadence-column694_676d4d-83 > .kt-inside-inner-col > .aligncenter{width:100%;}.kadence-column694_676d4d-83 > .kt-inside-inner-col:before{opacity:0.3;}.kadence-column694_676d4d-83{position:relative;}@media all and (max-width: 1024px){.kadence-column694_676d4d-83 > .kt-inside-inner-col{flex-direction:column;justify-content:center;}}@media all and (max-width: 767px){.kadence-column694_676d4d-83 > .kt-inside-inner-col{flex-direction:column;justify-content:center;}}<\/style>\n<div class=\"wp-block-kadence-column kadence-column694_676d4d-83\"><div class=\"kt-inside-inner-col\"><div class=\"kb-adv-form-field kb-adv-form-text-type-input kb-adv-form-infield-type-input kb-field13718de4e5-94 wp-block-kadence-advanced-form-text\"><label class=\"kb-adv-form-label\" for=\"field13718de4e5-94\">\u0130sim<\/label><input name=\"field8de4e5-94\" id=\"field13718de4e5-94\" data-label=\"\u0130sim\" type=\"text\" placeholder=\"\" value=\"\" data-type=\"text\" class=\"kb-field kb-text-field\" data-required=\"no\" \/><\/div><\/div><\/div>\n\n\n<style>.kadence-column694_d8687f-22 > .kt-inside-inner-col,.kadence-column694_d8687f-22 > .kt-inside-inner-col:before{border-top-left-radius:0px;border-top-right-radius:0px;border-bottom-right-radius:0px;border-bottom-left-radius:0px;}.kadence-column694_d8687f-22 > .kt-inside-inner-col{column-gap:var(--global-kb-gap-sm, 1rem);}.kadence-column694_d8687f-22 > .kt-inside-inner-col{flex-direction:column;}.kadence-column694_d8687f-22 > .kt-inside-inner-col > .aligncenter{width:100%;}.kadence-column694_d8687f-22 > .kt-inside-inner-col:before{opacity:0.3;}.kadence-column694_d8687f-22{position:relative;}@media all and (max-width: 1024px){.kadence-column694_d8687f-22 > .kt-inside-inner-col{flex-direction:column;justify-content:center;}}@media all and (max-width: 767px){.kadence-column694_d8687f-22 > .kt-inside-inner-col{flex-direction:column;justify-content:center;}}<\/style>\n<div class=\"wp-block-kadence-column kadence-column694_d8687f-22\"><div class=\"kt-inside-inner-col\"><div class=\"kb-adv-form-field kb-adv-form-text-type-input kb-adv-form-infield-type-input kb-field1371eaf58f-57 wp-block-kadence-advanced-form-email\"><label class=\"kb-adv-form-label\" for=\"field1371eaf58f-57\">E-Posta<span class=\"kb-adv-form-required\">*<\/span><\/label><input name=\"fieldeaf58f-57\" id=\"field1371eaf58f-57\" data-label=\"E-Posta\" type=\"email\" placeholder=\"\" value=\"\" data-type=\"email\" class=\"kb-field kb-email-field\" data-required=\"yes\" required aria-required=\"true\"\/><\/div><\/div><\/div>\n\n<\/div><\/div>\n\n<div class=\"kb-adv-form-field kb-adv-form-text-type-input kb-adv-form-infield-type-input kb-field1371dd698a-55 wp-block-kadence-advanced-form-telephone\"><label class=\"kb-adv-form-label\" for=\"field1371dd698a-55\">Telefon<\/label><input name=\"fielddd698a-55\" id=\"field1371dd698a-55\" data-label=\"Telefon\" type=\"tel\" placeholder=\"\" value=\"\" data-type=\"tel\" class=\"kb-field kb-tel-field\" data-required=\"no\" \/><\/div>\n\n<div class=\"kb-adv-form-field kb-adv-form-text-type-input kb-adv-form-infield-type-input kb-field137123e6c8-de wp-block-kadence-advanced-form-textarea\"><label class=\"kb-adv-form-label\" for=\"field137123e6c8-de\">Mesaj<span class=\"kb-adv-form-required\">*<\/span><\/label><textarea name=\"field23e6c8-de\" id=\"field137123e6c8-de\" rows=\"3\"  data-label=\"Mesaj\" placeholder=\"\" data-type=\"textarea\" class=\"kb-field kb-textarea-field\" data-required=\"yes\" required aria-required=\"true\"><\/textarea><\/div>\n\n<style>ul.menu .kb-submit-field .kb-btn5aafab-6f.kb-button{width:initial;}.kb-submit-field.kb-field5aafab-6f{justify-content:flex-start;}<\/style><div class=\"kb-adv-form-field kb-submit-field kb-field5aafab-6f wp-block-kadence-advanced-form-submit\"><button class=\"kb-button kt-button button kb-adv-form-submit-button kb-btn5aafab-6f kt-btn-size-standard kt-btn-width-type-auto kb-btn-global-fill kt-btn-has-text-true kt-btn-has-svg-false\" type=\"submit\"><span class=\"kt-btn-inner-text\">G\u00f6nder<\/span><\/button><\/div>\n<input type=\"hidden\" name=\"_kb_adv_form_post_id\" value=\"1371\"><input type=\"hidden\" name=\"action\" value=\"kb_process_advanced_form_submit\"><input type=\"hidden\" name=\"_kb_adv_form_id\" value=\"1371-cpt-id\"><\/form><\/div><\/div>\n<\/div>\n\n\n\n<div style=\"height:35px\" aria-hidden=\"true\" class=\"wp-block-spacer\"><\/div>\n\n\n\t\t<div\n            id=\"wpmapblock_8a77eb3a\"\n            data-settings='{&quot;map_marker&quot;:[{&quot;id&quot;:&quot;0&quot;,&quot;lat&quot;:&quot;41.07118&quot;,&quot;lng&quot;:&quot;28.87338&quot;,&quot;title&quot;:&quot;Promare Yap\\u0131 Malzemeleri Sanayi ve Ticaret A.\\u015e.&quot;,&quot;content&quot;:&quot;&quot;,&quot;iconType&quot;:&quot;default&quot;,&quot;customIconUrl&quot;:&quot;&quot;,&quot;customIconWidth&quot;:&quot;25&quot;,&quot;customIconHeight&quot;:&quot;40&quot;}],&quot;map_zoom&quot;:&quot;13&quot;,&quot;scroll_wheel_zoom&quot;:false,&quot;map_type&quot;:&quot;GM&quot;,&quot;center_index&quot;:0}'\n            class=\"wpmapblockrender\"\n            style=\"\n\t\t\twidth: 100%;\n\t\t\theight: 500px;\n\t\t\"\n            >\n        <\/div>\n        \n\n\n<div style=\"height:35px\" aria-hidden=\"true\" class=\"wp-block-spacer\"><\/div>\n","protected":false},"excerpt":{"rendered":"","protected":false},"author":1,"featured_media":0,"parent":0,"menu_order":0,"comment_status":"closed","ping_status":"closed","template":"","meta":{"_EventAllDay":false,"_EventTimezone":"","_EventStartDate":"","_EventEndDate":"","_EventStartDateUTC":"","_EventEndDateUTC":"","_EventShowMap":false,"_EventShowMapLink":false,"_EventURL":"","_EventCost":"","_EventCostDescription":"","_EventCurrencySymbol":"","_EventCurrencyCode":"","_EventCurrencyPosition":"","_EventDateTimeSeparator":"","_EventTimeRangeSeparator":"","_EventOrganizerID":[],"_EventVenueID":[],"_OrganizerEmail":"","_OrganizerPhone":"","_OrganizerWebsite":"","_VenueAddress":"","_VenueCity":"","_VenueCountry":"","_VenueProvince":"","_VenueState":"","_VenueZip":"","_VenuePhone":"","_VenueURL":"","_VenueStateProvince":"","_VenueLat":"","_VenueLng":"","_VenueShowMap":false,"_VenueShowMapLink":false,"_kadence_starter_templates_imported_post":true,"_kad_post_transparent":"","_kad_post_title":"hide","_kad_post_layout":"fullwidth","_kad_post_sidebar_id":"","_kad_post_content_style":"unboxed","_kad_post_vertical_padding":"hide","_kad_post_feature":"hide","_kad_post_feature_position":"","_kad_post_header":false,"_kad_post_footer":false,"_kad_post_classname":"","footnotes":""},"class_list":["post-694","page","type-page","status-publish","hentry"],"_links":{"self":[{"href":"https:\/\/www.promare.com.tr\/en\/wp-json\/wp\/v2\/pages\/694","targetHints":{"allow":["GET"]}}],"collection":[{"href":"https:\/\/www.promare.com.tr\/en\/wp-json\/wp\/v2\/pages"}],"about":[{"href":"https:\/\/www.promare.com.tr\/en\/wp-json\/wp\/v2\/types\/page"}],"author":[{"embeddable":true,"href":"https:\/\/www.promare.com.tr\/en\/wp-json\/wp\/v2\/users\/1"}],"replies":[{"embeddable":true,"href":"https:\/\/www.promare.com.tr\/en\/wp-json\/wp\/v2\/comments?post=694"}],"version-history":[{"count":27,"href":"https:\/\/www.promare.com.tr\/en\/wp-json\/wp\/v2\/pages\/694\/revisions"}],"predecessor-version":[{"id":1735,"href":"https:\/\/www.promare.com.tr\/en\/wp-json\/wp\/v2\/pages\/694\/revisions\/1735"}],"wp:attachment":[{"href":"https:\/\/www.promare.com.tr\/en\/wp-json\/wp\/v2\/media?parent=694"}],"curies":[{"name":"wp","href":"https:\/\/api.w.org\/{rel}","templated":true}]}}