{"id":696,"date":"2021-03-23T19:55:30","date_gmt":"2021-03-23T16:55:30","guid":{"rendered":"https:\/\/www.grafas.org\/demo09\/?page_id=696"},"modified":"2026-02-12T10:20:58","modified_gmt":"2026-02-12T10:20:58","slug":"urunler","status":"publish","type":"page","link":"https:\/\/www.promare.com.tr\/en\/urunler\/","title":{"rendered":"Products"},"content":{"rendered":"<div style=\"height:71px\" aria-hidden=\"true\" class=\"wp-block-spacer\"><\/div>\n\n\n\n<div class=\"wp-block-columns is-layout-flex wp-container-core-columns-is-layout-9d6595d7 wp-block-columns-is-layout-flex\">\n<div class=\"wp-block-column is-layout-flow wp-block-column-is-layout-flow\" style=\"padding-right:var(--wp--preset--spacing--70);padding-left:var(--wp--preset--spacing--70)\"><div class=\"wp-block-image\">\n<figure class=\"aligncenter size-full is-resized\"><a href=\"https:\/\/www.promare.com.tr\/kursunlu-urunler\/\"><img loading=\"lazy\" decoding=\"async\" width=\"412\" height=\"491\" src=\"https:\/\/www.promare.com.tr\/wp-content\/uploads\/2026\/01\/Radyasyon-Icon.png\" alt=\"\" class=\"wp-image-1684\" style=\"aspect-ratio:0.8391176924263458;width:158px;height:auto\" srcset=\"https:\/\/www.promare.com.tr\/wp-content\/uploads\/2026\/01\/Radyasyon-Icon.png 412w, https:\/\/www.promare.com.tr\/wp-content\/uploads\/2026\/01\/Radyasyon-Icon-252x300.png 252w, https:\/\/www.promare.com.tr\/wp-content\/uploads\/2026\/01\/Radyasyon-Icon-10x12.png 10w\" sizes=\"auto, (max-width: 412px) 100vw, 412px\" \/><\/a><\/figure>\n<\/div>\n\n\n<p class=\"has-text-align-center has-theme-palette-3-color has-text-color has-link-color has-medium-font-size wp-elements-cde13e632dc29ecac00433f2b342441d\"><strong><a href=\"https:\/\/www.promare.com.tr\/kursunlu-urunler\/\" data-type=\"link\" data-id=\"https:\/\/www.promare.com.tr\/kursunlu-urunler\/\">LEAD PRODUCTS<\/a><\/strong><\/p>\n<\/div>\n\n\n\n<div class=\"wp-block-column is-layout-flow wp-block-column-is-layout-flow\" style=\"padding-top:0;padding-right:var(--wp--preset--spacing--70);padding-bottom:0;padding-left:var(--wp--preset--spacing--70)\"><div class=\"wp-block-image\">\n<figure class=\"aligncenter size-full is-resized\"><a href=\"https:\/\/www.promare.com.tr\/kursunsuz-urunler\/\"><img loading=\"lazy\" decoding=\"async\" width=\"412\" height=\"491\" src=\"https:\/\/www.promare.com.tr\/wp-content\/uploads\/2026\/01\/Radyasyon-Icon.png\" alt=\"\" class=\"wp-image-1684\" style=\"width:158px\" srcset=\"https:\/\/www.promare.com.tr\/wp-content\/uploads\/2026\/01\/Radyasyon-Icon.png 412w, https:\/\/www.promare.com.tr\/wp-content\/uploads\/2026\/01\/Radyasyon-Icon-252x300.png 252w, https:\/\/www.promare.com.tr\/wp-content\/uploads\/2026\/01\/Radyasyon-Icon-10x12.png 10w\" sizes=\"auto, (max-width: 412px) 100vw, 412px\" \/><\/a><\/figure>\n<\/div>\n\n\n<p class=\"has-text-align-center has-theme-palette-3-color has-text-color has-link-color has-medium-font-size wp-elements-06e86b001b240ff864b2326ad27757ad\"><strong><a href=\"https:\/\/www.promare.com.tr\/kursunsuz-urunler\/\" data-type=\"link\" data-id=\"https:\/\/www.promare.com.tr\/kursunsuz-urunler\/\">LEAD-FREE PRODUCTS<\/a><\/strong><\/p>\n<\/div>\n<\/div>\n\n\n\n<p><\/p>","protected":false},"excerpt":{"rendered":"<p>KUR\u015eUNLU \u00dcR\u00dcNLER KUR\u015eUNSUZ \u00dcR\u00dcNLER<\/p>","protected":false},"author":1,"featured_media":0,"parent":0,"menu_order":0,"comment_status":"closed","ping_status":"closed","template":"","meta":{"_EventAllDay":false,"_EventTimezone":"","_EventStartDate":"","_EventEndDate":"","_EventStartDateUTC":"","_EventEndDateUTC":"","_EventShowMap":false,"_EventShowMapLink":false,"_EventURL":"","_EventCost":"","_EventCostDescription":"","_EventCurrencySymbol":"","_EventCurrencyCode":"","_EventCurrencyPosition":"","_EventDateTimeSeparator":"","_EventTimeRangeSeparator":"","_EventOrganizerID":[],"_EventVenueID":[],"_OrganizerEmail":"","_OrganizerPhone":"","_OrganizerWebsite":"","_VenueAddress":"","_VenueCity":"","_VenueCountry":"","_VenueProvince":"","_VenueState":"","_VenueZip":"","_VenuePhone":"","_VenueURL":"","_VenueStateProvince":"","_VenueLat":"","_VenueLng":"","_VenueShowMap":false,"_VenueShowMapLink":false,"_kadence_starter_templates_imported_post":true,"_kad_post_transparent":"","_kad_post_title":"hide","_kad_post_layout":"fullwidth","_kad_post_sidebar_id":"","_kad_post_content_style":"unboxed","_kad_post_vertical_padding":"hide","_kad_post_feature":"hide","_kad_post_feature_position":"","_kad_post_header":false,"_kad_post_footer":false,"_kad_post_classname":"","footnotes":""},"class_list":["post-696","page","type-page","status-publish","hentry"],"_links":{"self":[{"href":"https:\/\/www.promare.com.tr\/en\/wp-json\/wp\/v2\/pages\/696","targetHints":{"allow":["GET"]}}],"collection":[{"href":"https:\/\/www.promare.com.tr\/en\/wp-json\/wp\/v2\/pages"}],"about":[{"href":"https:\/\/www.promare.com.tr\/en\/wp-json\/wp\/v2\/types\/page"}],"author":[{"embeddable":true,"href":"https:\/\/www.promare.com.tr\/en\/wp-json\/wp\/v2\/users\/1"}],"replies":[{"embeddable":true,"href":"https:\/\/www.promare.com.tr\/en\/wp-json\/wp\/v2\/comments?post=696"}],"version-history":[{"count":53,"href":"https:\/\/www.promare.com.tr\/en\/wp-json\/wp\/v2\/pages\/696\/revisions"}],"predecessor-version":[{"id":1685,"href":"https:\/\/www.promare.com.tr\/en\/wp-json\/wp\/v2\/pages\/696\/revisions\/1685"}],"wp:attachment":[{"href":"https:\/\/www.promare.com.tr\/en\/wp-json\/wp\/v2\/media?parent=696"}],"curies":[{"name":"wp","href":"https:\/\/api.w.org\/{rel}","templated":true}]}}